{"id":14,"date":"2016-01-10T06:06:37","date_gmt":"2016-01-10T06:06:37","guid":{"rendered":"http:\/\/asr-rayonnages-sud.fr\/site\/?page_id=14"},"modified":"2016-06-10T17:04:18","modified_gmt":"2016-06-10T17:04:18","slug":"a-propos-dasr-rayonnages","status":"publish","type":"page","link":"https:\/\/asr-rayonnages-sud.fr\/site\/a-propos-dasr-rayonnages\/","title":{"rendered":"ASR Rayonnages SUD &#8211; A propos"},"content":{"rendered":"<div class=\"RSDB_2COL_LEFT\">\n<b>ASR Rayonnages Sud<\/b> est une entit\u00e9 du <b>Groupe ASR Equipements<\/b> couvrant la r\u00e9gion PACA.<\/p>\n<p><b>ASR<\/b> est l&rsquo;un des acteurs principaux en France dans le domaine de la distribution de Rayonnages industriels neufs ou occasions ainsi que de mat\u00e9riels et \u00e9quipements de stockage et de s\u00e9curit\u00e9 des entrep\u00f4ts et autres lieux de stockage.<\/p>\n<p><b>Le Groupe ASR, fond\u00e9 en 1995 dispose de 4 agences r\u00e9gionales r\u00e9parties sur la France<\/b>, avec un entrep\u00f4t centralis\u00e9 de <b>plus de 12 000 m\u00b2<\/b> d\u00e9di\u00e9s aux rayonnages industriels, racks de stockage et autres produits li\u00e9s \u00e0 l&rsquo;activit\u00e9 de rayonnage et de stockage produits.<\/p>\n<p><img src=\"\/site\/_rs_static\/asr-rayonnages-industriels-stock.jpg\" alt=\"ASR Rayonnages\"><\/p>\n<h2>A propos d&rsquo;ASR Rayonnages<\/h2>\n<p>Liste de nos Agences :<\/p>\n<ul>\n<li><b>ASR Rayonnages PACA<\/b><\/li>\n<li><b>ASR Rayonnages Ile-de-France<\/b><\/li>\n<li><b>ASR Rayonnages Champagne<\/b><\/li>\n<li><b>ASR Rayonnages Normandie<\/b><\/li>\n<li><b>ASR Rayonnages Bretagne<\/b><\/li>\n<\/ul>\n<p><b>Notre Groupe fait l&rsquo;acquisition d&rsquo;importants lots de rayonnages d&rsquo;occasion ou neufs r\u00e9guli\u00e8rement<\/b>, ce sont ainsi, quotidiennement, plusieurs dizaines de m\u00b2 de rayonnages qui rentrent dans nos stocks, de marques diverses, telles que Stow, Feralco, Polypal, Mecalux, Esmena, Provost, Intercraft, Schaefer, Nasal, Duwic, Rayosar, Atox, Eurostock, Thyssen, Alser, Manorga&#8230; le choix des marques d\u00e9pend des arrivages, mais nous avons g\u00e9n\u00e9ralement des stocks importants, avec une capacit\u00e9 de livraison de quantit\u00e9s tr\u00e8s importantes en moins de 24h.<\/p>\n<p><b>Nous pouvons donc vous proposer diverses marques de rayonnages industriels, qu&rsquo;ils soient neufs ou d&rsquo;occasion, tous sont en excellent \u00e9tat, et parfaitement conformes aux normes en vigueur en terme de s\u00e9curit\u00e9<\/b>.<\/p>\n<p>Si vous avez des besoins pr\u00e9cis, n&rsquo;h\u00e9sitez pas \u00e0 nous contacter, car le rayonnage industriel n&rsquo;est pas un produit standard aux dimensions fixes, de ce fait, les offres sont dites sur mesure, car, selon la longueur, hauteur, capacit\u00e9 de charge&#8230; les options et mod\u00e8les peuvent varier. <b>Nous vous ferons syst\u00e9matiquement la meilleure offre et aux meilleurs prix<\/b>.<\/p>\n<p>Nous nous engageons en faveur de l&rsquo;environnement, et reprenons vos installations de stockage dont vous n&rsquo;avez plus utilit\u00e9 afin de leur offrir une seconde vie en interne.<\/p>\n<p>N&rsquo;h\u00e9sitez pas \u00e0 nous contacter pour toute question.\n<\/p><\/div>\n<div class=\"RSDB_2COL_RIGHT\">\n<img src=\"\/site\/_rs_static\/bouton-asr-rachete-vos-installations.png\" style=\"cursor: pointer\" onclick=\"self.location='https:\/\/asr-rayonnages-sud.fr\/site\/rachat-installations\/'\" alt=\"ASR Rayonnages\"><\/p>\n<p><img class=\"RSDB_CALLBACK\" style=\"box-shadow: 0px 0px 0px 0px rgba(0, 0, 0, 0.2); max-width: 268px;\" src=\"\/site\/_rs_static\/bouton-asr-rayonnages-sud-callback.png\" onclick=\"document.getElementById('RSDBBOX').style.display = 'block'; document.getElementById('RSCALLBACK').style.display = 'block';\"  alt=\"ASR Rayonnages service de Rappel\"\/><\/p>\n<p>Pour nous contacter ou obtenir un <b>devis gratuit<\/b>, merci de remplir le petit formulaire ci-dessous, nous vous contacterons dans les meilleurs d\u00e9lais<\/p>\n<div role=\"form\" class=\"wpcf7\" id=\"wpcf7-f4-o1\" lang=\"fr-FR\" dir=\"ltr\">\n<div class=\"screen-reader-response\"><p role=\"status\" aria-live=\"polite\" aria-atomic=\"true\"><\/p> <ul><\/ul><\/div>\n<form action=\"\/site\/wp-json\/wp\/v2\/pages\/14#wpcf7-f4-o1\" method=\"post\" class=\"wpcf7-form init\" novalidate=\"novalidate\" data-status=\"init\">\n<div style=\"display: none;\">\n<input type=\"hidden\" name=\"_wpcf7\" value=\"4\" \/>\n<input type=\"hidden\" name=\"_wpcf7_version\" value=\"5.5.5\" \/>\n<input type=\"hidden\" name=\"_wpcf7_locale\" value=\"fr_FR\" \/>\n<input type=\"hidden\" name=\"_wpcf7_unit_tag\" value=\"wpcf7-f4-o1\" \/>\n<input type=\"hidden\" name=\"_wpcf7_container_post\" value=\"0\" \/>\n<input type=\"hidden\" name=\"_wpcf7_posted_data_hash\" value=\"\" \/>\n<\/div>\n<p><span class=\"wpcf7-form-control-wrap your-company\"><input type=\"text\" name=\"your-company\" value=\"\" size=\"40\" class=\"wpcf7-form-control wpcf7-text\" aria-invalid=\"false\" placeholder=\"Votre Soci\u00e9t\u00e9\" \/><\/span><\/p>\n<p><span class=\"wpcf7-form-control-wrap your-name\"><input type=\"text\" name=\"your-name\" value=\"\" size=\"40\" class=\"wpcf7-form-control wpcf7-text wpcf7-validates-as-required\" aria-required=\"true\" aria-invalid=\"false\" placeholder=\"Votre nom (obligatoire)\" \/><\/span><\/p>\n<p><span class=\"wpcf7-form-control-wrap your-email\"><input type=\"email\" name=\"your-email\" value=\"\" size=\"40\" class=\"wpcf7-form-control wpcf7-text wpcf7-email wpcf7-validates-as-email\" aria-invalid=\"false\" placeholder=\"Votre email\" \/><\/span><\/p>\n<p><span class=\"wpcf7-form-control-wrap your-tel\"><input type=\"tel\" name=\"your-tel\" value=\"\" size=\"40\" class=\"wpcf7-form-control wpcf7-text wpcf7-tel wpcf7-validates-as-required wpcf7-validates-as-tel\" aria-required=\"true\" aria-invalid=\"false\" placeholder=\"T\u00e9l. : XX XX XX XX XX (obligatoire)\" \/><\/span><\/p>\n<p><span class=\"wpcf7-form-control-wrap your-cp\"><input type=\"text\" name=\"your-cp\" value=\"\" size=\"40\" class=\"wpcf7-form-control wpcf7-text\" aria-invalid=\"false\" placeholder=\"Code Postal : XX XXX\" \/><\/span><\/p>\n<p><span class=\"wpcf7-form-control-wrap your-subject\"><select name=\"your-subject\" class=\"wpcf7-form-control wpcf7-select\" aria-invalid=\"false\"><option value=\"Contact\">Contact<\/option><option value=\"Devis Rack\/Rayonnage\">Devis Rack\/Rayonnage<\/option><option value=\"Devis Mezzanine\">Devis Mezzanine<\/option><option value=\"Devis autres prestations\">Devis autres prestations<\/option><\/select><\/span><\/p>\n<p><span class=\"wpcf7-form-control-wrap your-objet\"><select name=\"your-objet\" class=\"wpcf7-form-control wpcf7-select\" aria-invalid=\"false\"><option value=\"R\u00e9gion : Sud \/ PACA\">R\u00e9gion : Sud \/ PACA<\/option><option value=\"R\u00e9gion : IDF\">R\u00e9gion : IDF<\/option><option value=\"R\u00e9gion : Nord\">R\u00e9gion : Nord<\/option><option value=\"R\u00e9gion : Est\">R\u00e9gion : Est<\/option><option value=\"R\u00e9gion : Bretagne\">R\u00e9gion : Bretagne<\/option><option value=\"Autres r\u00e9gions\">Autres r\u00e9gions<\/option><\/select><\/span><\/p>\n<p><span class=\"wpcf7-form-control-wrap your-message\"><textarea name=\"your-message\" cols=\"40\" rows=\"10\" class=\"wpcf7-form-control wpcf7-textarea\" aria-invalid=\"false\" placeholder=\"Votre Message \/ Votre Besoin\"><\/textarea><\/span><\/p>\n<p><input type=\"submit\" value=\"Envoyer\" class=\"wpcf7-form-control has-spinner wpcf7-submit\" \/><\/p>\n<p style=\"display: none !important;\"><label>&#916;<textarea name=\"_wpcf7_ak_hp_textarea\" cols=\"45\" rows=\"8\" maxlength=\"100\"><\/textarea><\/label><input type=\"hidden\" id=\"ak_js_1\" name=\"_wpcf7_ak_js\" value=\"205\"\/><script>document.getElementById( \"ak_js_1\" ).setAttribute( \"value\", ( new Date() ).getTime() );<\/script><\/p><div class=\"wpcf7-response-output\" aria-hidden=\"true\"><\/div><\/form><\/div><\/div>\n<div style=\"clear: both\"><\/div>\n","protected":false},"excerpt":{"rendered":"<p>ASR Rayonnages Sud est une entit\u00e9 du Groupe ASR Equipements couvrant la r\u00e9gion PACA. ASR est l&rsquo;un des acteurs principaux en France dans le domaine de la distribution de Rayonnages industriels neufs ou occasions ainsi que de mat\u00e9riels et \u00e9quipements de stockage et de s\u00e9curit\u00e9 des entrep\u00f4ts et autres lieux de stockage. Le Groupe ASR, [&hellip;]<\/p>\n","protected":false},"author":1,"featured_media":0,"parent":0,"menu_order":0,"comment_status":"closed","ping_status":"closed","template":"","meta":[],"_links":{"self":[{"href":"https:\/\/asr-rayonnages-sud.fr\/site\/wp-json\/wp\/v2\/pages\/14"}],"collection":[{"href":"https:\/\/asr-rayonnages-sud.fr\/site\/wp-json\/wp\/v2\/pages"}],"about":[{"href":"https:\/\/asr-rayonnages-sud.fr\/site\/wp-json\/wp\/v2\/types\/page"}],"author":[{"embeddable":true,"href":"https:\/\/asr-rayonnages-sud.fr\/site\/wp-json\/wp\/v2\/users\/1"}],"replies":[{"embeddable":true,"href":"https:\/\/asr-rayonnages-sud.fr\/site\/wp-json\/wp\/v2\/comments?post=14"}],"version-history":[{"count":18,"href":"https:\/\/asr-rayonnages-sud.fr\/site\/wp-json\/wp\/v2\/pages\/14\/revisions"}],"predecessor-version":[{"id":360,"href":"https:\/\/asr-rayonnages-sud.fr\/site\/wp-json\/wp\/v2\/pages\/14\/revisions\/360"}],"wp:attachment":[{"href":"https:\/\/asr-rayonnages-sud.fr\/site\/wp-json\/wp\/v2\/media?parent=14"}],"curies":[{"name":"wp","href":"https:\/\/api.w.org\/{rel}","templated":true}]}}