{"id":201,"date":"2016-01-18T15:50:12","date_gmt":"2016-01-18T15:50:12","guid":{"rendered":"http:\/\/asr-rayonnages-sud.fr\/site\/?page_id=201"},"modified":"2018-10-17T15:41:10","modified_gmt":"2018-10-17T15:41:10","slug":"rachat-installations","status":"publish","type":"page","link":"https:\/\/asr-rayonnages-sud.fr\/site\/rachat-installations\/","title":{"rendered":"Rachat installations"},"content":{"rendered":"<div class=\"RSDB_2COL_LEFT\">\nVous avez des installations de type rayonnages industriels \u00e0 vendre, qu&rsquo;elles soient d\u00e9mont\u00e9es ou \u00e0 d\u00e9monter, nous vous proposons de vous les reprendre et le cas \u00e9ch\u00e9ant les d\u00e9monter en cas de besoin<\/p>\n<p>Nous achetons r\u00e9guli\u00e8rement les installations de nos Clients lors de changements ou remplacements par exemple, afin de fournir notre offre occasions.<\/p>\n<p>Quelle que soit la quantit\u00e9 et le type, maque&#8230; de vos installations, n&rsquo;h\u00e9sitez pas \u00e0 nous contacter, nous vous ferons la meilleure proposition selon l&rsquo;\u00e9tat de vos installations.<\/p>\n<p style=\"margin-bottom: 1rem\">\n<h2>Rachat installations<\/h2>\n<p><b>Afin d&rsquo;obtenir une proposition de reprise de vos installations dans les les meilleurs d\u00e9lais, merci de bien vouloir remplir le formulaire de devis ci-contre<\/b>, notre service occasions vous contactera dans les meilleurs d\u00e9lais.<\/p>\n<p>Si vous le souhaitez, vous pouvez \u00e9galement contacter l&rsquo;un de nos responsables r\u00e9gionaux, qui vous aiguilleront et s&rsquo;occuperont de votre demande, aux horaires de bureau aux coordonn\u00e9es suivantes :<\/p>\n<ul>\n<li><b>ASR Rayonnages Ile-de-France<\/b> &#8211; Num\u00e9ro national rachats : <strong>01 60 09 55 88<\/strong><\/li>\n<p><\/p>\n<li><b>ASR Rayonnages Normandie<\/b> &#8211; Num\u00e9ro national rachats r\u00e9gions : <strong>01 60 44 07 15<\/strong><\/li>\n<li><b>ASR Rayonnages Champagne<\/b> &#8211; Num\u00e9ro national rachats r\u00e9gions : <strong>01 60 44 07 15<\/strong><\/li>\n<li><b>ASR Rayonnages Bretagne<\/b> &#8211; Num\u00e9ro national rachats r\u00e9gions : <strong>01 60 44 07 15<\/strong><\/li>\n<li><b>ASR Rayonnages PACA<\/b> &#8211; Num\u00e9ro national rachats r\u00e9gions : <strong>01 60 44 07 15<\/strong><\/li>\n<\/ul>\n<p>\nN&rsquo;h\u00e9sitez pas \u00e0 nous contacter pour toute question.\n<\/div>\n<div class=\"RSDB_2COL_RIGHT\">\n<img src=\"\/site\/_rs_static\/bouton-asr-rachete-vos-installations.png\" style=\"cursor: pointer\" onclick=\"self.location='https:\/\/asr-rayonnages-sud.fr\/site\/rachat-installations\/'\" alt=\"Rachat installations\"><\/p>\n<p><img class=\"RSDB_CALLBACK\" style=\"box-shadow: 0px 0px 0px 0px rgba(0, 0, 0, 0.2); max-width: 268px;\" src=\"\/site\/_rs_static\/bouton-asr-rayonnages-sud-callback.png\" onclick=\"document.getElementById('RSDBBOX').style.display = 'block'; document.getElementById('RSCALLBACK').style.display = 'block';\" alt=\"ASR Rayonnages SUD\" \/><\/p>\n<p>Pour nous contacter ou obtenir un <b>devis gratuit<\/b>, merci de remplir le petit formulaire ci-dessous, nous vous contacterons dans les meilleurs d\u00e9lais<\/p>\n<div role=\"form\" class=\"wpcf7\" id=\"wpcf7-f4-o1\" lang=\"fr-FR\" dir=\"ltr\">\n<div class=\"screen-reader-response\"><p role=\"status\" aria-live=\"polite\" aria-atomic=\"true\"><\/p> <ul><\/ul><\/div>\n<form action=\"\/site\/wp-json\/wp\/v2\/pages\/201#wpcf7-f4-o1\" method=\"post\" class=\"wpcf7-form init\" novalidate=\"novalidate\" data-status=\"init\">\n<div style=\"display: none;\">\n<input type=\"hidden\" name=\"_wpcf7\" value=\"4\" \/>\n<input type=\"hidden\" name=\"_wpcf7_version\" value=\"5.5.5\" \/>\n<input type=\"hidden\" name=\"_wpcf7_locale\" value=\"fr_FR\" \/>\n<input type=\"hidden\" name=\"_wpcf7_unit_tag\" value=\"wpcf7-f4-o1\" \/>\n<input type=\"hidden\" name=\"_wpcf7_container_post\" value=\"0\" \/>\n<input type=\"hidden\" name=\"_wpcf7_posted_data_hash\" value=\"\" \/>\n<\/div>\n<p><span class=\"wpcf7-form-control-wrap your-company\"><input type=\"text\" name=\"your-company\" value=\"\" size=\"40\" class=\"wpcf7-form-control wpcf7-text\" aria-invalid=\"false\" placeholder=\"Votre Soci\u00e9t\u00e9\" \/><\/span><\/p>\n<p><span class=\"wpcf7-form-control-wrap your-name\"><input type=\"text\" name=\"your-name\" value=\"\" size=\"40\" class=\"wpcf7-form-control wpcf7-text wpcf7-validates-as-required\" aria-required=\"true\" aria-invalid=\"false\" placeholder=\"Votre nom (obligatoire)\" \/><\/span><\/p>\n<p><span class=\"wpcf7-form-control-wrap your-email\"><input type=\"email\" name=\"your-email\" value=\"\" size=\"40\" class=\"wpcf7-form-control wpcf7-text wpcf7-email wpcf7-validates-as-email\" aria-invalid=\"false\" placeholder=\"Votre email\" \/><\/span><\/p>\n<p><span class=\"wpcf7-form-control-wrap your-tel\"><input type=\"tel\" name=\"your-tel\" value=\"\" size=\"40\" class=\"wpcf7-form-control wpcf7-text wpcf7-tel wpcf7-validates-as-required wpcf7-validates-as-tel\" aria-required=\"true\" aria-invalid=\"false\" placeholder=\"T\u00e9l. : XX XX XX XX XX (obligatoire)\" \/><\/span><\/p>\n<p><span class=\"wpcf7-form-control-wrap your-cp\"><input type=\"text\" name=\"your-cp\" value=\"\" size=\"40\" class=\"wpcf7-form-control wpcf7-text\" aria-invalid=\"false\" placeholder=\"Code Postal : XX XXX\" \/><\/span><\/p>\n<p><span class=\"wpcf7-form-control-wrap your-subject\"><select name=\"your-subject\" class=\"wpcf7-form-control wpcf7-select\" aria-invalid=\"false\"><option value=\"Contact\">Contact<\/option><option value=\"Devis Rack\/Rayonnage\">Devis Rack\/Rayonnage<\/option><option value=\"Devis Mezzanine\">Devis Mezzanine<\/option><option value=\"Devis autres prestations\">Devis autres prestations<\/option><\/select><\/span><\/p>\n<p><span class=\"wpcf7-form-control-wrap your-objet\"><select name=\"your-objet\" class=\"wpcf7-form-control wpcf7-select\" aria-invalid=\"false\"><option value=\"R\u00e9gion : Sud \/ PACA\">R\u00e9gion : Sud \/ PACA<\/option><option value=\"R\u00e9gion : IDF\">R\u00e9gion : IDF<\/option><option value=\"R\u00e9gion : Nord\">R\u00e9gion : Nord<\/option><option value=\"R\u00e9gion : Est\">R\u00e9gion : Est<\/option><option value=\"R\u00e9gion : Bretagne\">R\u00e9gion : Bretagne<\/option><option value=\"Autres r\u00e9gions\">Autres r\u00e9gions<\/option><\/select><\/span><\/p>\n<p><span class=\"wpcf7-form-control-wrap your-message\"><textarea name=\"your-message\" cols=\"40\" rows=\"10\" class=\"wpcf7-form-control wpcf7-textarea\" aria-invalid=\"false\" placeholder=\"Votre Message \/ Votre Besoin\"><\/textarea><\/span><\/p>\n<p><input type=\"submit\" value=\"Envoyer\" class=\"wpcf7-form-control has-spinner wpcf7-submit\" \/><\/p>\n<p style=\"display: none !important;\"><label>&#916;<textarea name=\"_wpcf7_ak_hp_textarea\" cols=\"45\" rows=\"8\" maxlength=\"100\"><\/textarea><\/label><input type=\"hidden\" id=\"ak_js_1\" name=\"_wpcf7_ak_js\" value=\"206\"\/><script>document.getElementById( \"ak_js_1\" ).setAttribute( \"value\", ( new Date() ).getTime() );<\/script><\/p><div class=\"wpcf7-response-output\" aria-hidden=\"true\"><\/div><\/form><\/div><\/div>\n<div style=\"clear: both\"><\/div>\n","protected":false},"excerpt":{"rendered":"<p>Vous avez des installations de type rayonnages industriels \u00e0 vendre, qu&rsquo;elles soient d\u00e9mont\u00e9es ou \u00e0 d\u00e9monter, nous vous proposons de vous les reprendre et le cas \u00e9ch\u00e9ant les d\u00e9monter en cas de besoin Nous achetons r\u00e9guli\u00e8rement les installations de nos Clients lors de changements ou remplacements par exemple, afin de fournir notre offre occasions. Quelle [&hellip;]<\/p>\n","protected":false},"author":1,"featured_media":0,"parent":0,"menu_order":0,"comment_status":"closed","ping_status":"closed","template":"","meta":[],"_links":{"self":[{"href":"https:\/\/asr-rayonnages-sud.fr\/site\/wp-json\/wp\/v2\/pages\/201"}],"collection":[{"href":"https:\/\/asr-rayonnages-sud.fr\/site\/wp-json\/wp\/v2\/pages"}],"about":[{"href":"https:\/\/asr-rayonnages-sud.fr\/site\/wp-json\/wp\/v2\/types\/page"}],"author":[{"embeddable":true,"href":"https:\/\/asr-rayonnages-sud.fr\/site\/wp-json\/wp\/v2\/users\/1"}],"replies":[{"embeddable":true,"href":"https:\/\/asr-rayonnages-sud.fr\/site\/wp-json\/wp\/v2\/comments?post=201"}],"version-history":[{"count":6,"href":"https:\/\/asr-rayonnages-sud.fr\/site\/wp-json\/wp\/v2\/pages\/201\/revisions"}],"predecessor-version":[{"id":410,"href":"https:\/\/asr-rayonnages-sud.fr\/site\/wp-json\/wp\/v2\/pages\/201\/revisions\/410"}],"wp:attachment":[{"href":"https:\/\/asr-rayonnages-sud.fr\/site\/wp-json\/wp\/v2\/media?parent=201"}],"curies":[{"name":"wp","href":"https:\/\/api.w.org\/{rel}","templated":true}]}}