{"id":8,"date":"2016-01-10T06:03:46","date_gmt":"2016-01-10T06:03:46","guid":{"rendered":"http:\/\/asr-rayonnages-sud.fr\/site\/?page_id=8"},"modified":"2020-11-27T00:11:36","modified_gmt":"2020-11-27T00:11:36","slug":"rayonnage-et-racks-industriels-de-stockage","status":"publish","type":"page","link":"https:\/\/asr-rayonnages-sud.fr\/site\/","title":{"rendered":"Racks et Rayonnages industriels"},"content":{"rendered":"<div class=\"RSDB_2COL_LEFT\">\nBienvenue chez <b>ASR Rayonnages SUD<\/b>, sp\u00e9cialiste des <b>Racks et Rayonnages industriels<\/b> qu&rsquo;ils soient <b>neufs<\/b> ou d&rsquo;<b>occasion<\/b>, de <b>racks de stockage Cantilever<\/b>, de <b>rayonnages semi lourds<\/b>, de <b>mezzanines industrielles<\/b>, ainsi que de <u>tous \u00e9quipements de rayonnage et stockage d&rsquo;entrep\u00f4ts et magasins<\/u>.<\/p>\n<p><b>ASR Rayonnages<\/b>, c&rsquo;est 4 filiales \u00e0 votre service r\u00e9parties \u00e0 l&rsquo;\u00e9chelle Nationale, avec un site r\u00e9gional d\u00e9di\u00e9, ainsi qu&rsquo;un important stock national renouvel\u00e9 chaque semaine suite \u00e0 nos acquisitions ou renouvellements de racks et rayonnages d&rsquo;occasion ou neufs.<\/p>\n<p>N&rsquo;h\u00e9sitez pas \u00e0 nous faire une <b>demande de devis<\/b>, en remplissant le formulaire de devis ci-contre, nous aurons forc\u00e9ment le bon rayonnage au juste prix et avec votre agence locale aux meilleurs prix.<\/p>\n<div class=\"RSDB_2COL_LEFT_IMG\" onclick=\"self.location='https:\/\/asr-rayonnages-sud.fr\/site\/rayonnages-industriels-neufs\/'\">\n<p style=\"margin-top: 3px; margin-bottom: 3px; font-weight: bold\">Rayonnage Industriel Neuf<\/p>\n<p style=\"margin: 0px;\"><img src=\"\/site\/_rs_static\/asr-categorie-rayonnage-industriel-neuf.jpg\" style=\"width: 100%\" alt=\"\"><\/p>\n<\/div>\n<div class=\"RSDB_2COL_RIGHT_IMG\" onclick=\"self.location='https:\/\/asr-rayonnages-sud.fr\/site\/rayonnages-industriels-occasions\/'\">\n<p style=\"margin-top: 3px; margin-bottom: 3px; font-weight: bold\">Rayonnage Industriel Occasion<\/p>\n<p style=\"margin: 0px;\"><img src=\"\/site\/_rs_static\/asr-categorie-rayonnage-industriel-occasion.jpg\" style=\"width: 100%\" alt=\"\"><\/p>\n<\/div>\n<div class=\"RSDB_2COL_LEFT_IMG\" onclick=\"self.location='https:\/\/asr-rayonnages-sud.fr\/site\/petit-rayonnage\/'\">\n<p style=\"margin-top: 3px; margin-bottom: 3px; font-weight: bold\">Petit Rayonnage<\/p>\n<p style=\"margin: 0px;\"><img src=\"\/site\/_rs_static\/asr-categorie-rayonnage-semi-lourd-neuf-occasion.jpg\" style=\"width: 100%\" alt=\"\"><\/p>\n<\/div>\n<div class=\"RSDB_2COL_RIGHT_IMG\" onclick=\"self.location='https:\/\/asr-rayonnages-sud.fr\/site\/plateforme-de-stockage-mezzanine\/'\">\n<p style=\"margin-top: 3px; margin-bottom: 3px; font-weight: bold\">Mezzanines &#8211; Plateformes de stockage<\/p>\n<p style=\"margin: 0px;\"><img src=\"\/site\/_rs_static\/asr-categorie-mezzanine-neuf-occasion.jpg\" style=\"width: 100%\" alt=\"\"><\/p>\n<\/div>\n<div class=\"RSDB_2COL_LEFT_IMG\" onclick=\"self.location='https:\/\/asr-rayonnages-sud.fr\/site\/cloisons-de-bureau\/'\">\n<p style=\"margin-top: 3px; margin-bottom: 3px; font-weight: bold\">Cloisons de Bureau<\/p>\n<p style=\"margin: 0px;\"><img src=\"\/site\/_rs_static\/asr-categorie-cloisons-de-bureau.jpg\" style=\"width: 100%\" alt=\"\"><\/p>\n<\/div>\n<div class=\"RSDB_2COL_RIGHT_IMG\" onclick=\"self.location='https:\/\/asr-rayonnages-sud.fr\/site\/cloisons-grillagees\/'\">\n<p style=\"margin-top: 3px; margin-bottom: 3px; font-weight: bold\">Cloisons Grillag\u00e9es<\/p>\n<p style=\"margin: 0px;\"><img src=\"\/site\/_rs_static\/asr-categorie-cloisons-grillagees.jpg\" style=\"width: 100%\" alt=\"\"><\/p>\n<\/div>\n<div class=\"RSDB_2COL_LEFT_IMG\" onclick=\"self.location='https:\/\/asr-rayonnages-sud.fr\/site\/demontage-remontage-et-remise-en-etat\/'\">\n<p style=\"margin-top: 3px; margin-bottom: 3px; font-weight: bold\">D\u00e9montage, Remontage et Remise en \u00e9tat<\/p>\n<p style=\"margin: 0px;\"><img src=\"\/site\/_rs_static\/asr-categorie-rayonnage-industriel-demontage-remontage-remise-en-etat.jpg\" style=\"width: 100%\" alt=\"\"><\/p>\n<\/div>\n<p><H2>Racks et Rayonnages industriels neufs et d&rsquo;occasion<\/H2><\/p>\n<div style=\"clear: both;\"><\/div>\n<p>\n<\/div>\n<div class=\"RSDB_2COL_RIGHT\">\n<img src=\"\/site\/_rs_static\/bouton-asr-rachete-vos-installations.png\" style=\"cursor: pointer\" onclick=\"self.location='https:\/\/asr-rayonnages-sud.fr\/site\/rachat-installations\/'\" alt=\"Racks et Rayonnages industriels\"><\/p>\n<p><img class=\"RSDB_CALLBACK\" style=\"box-shadow: 0px 0px 0px 0px rgba(0, 0, 0, 0.2); max-width: 268px;\" src=\"\/site\/_rs_static\/bouton-asr-rayonnages-sud-callback.png\" onclick=\"document.getElementById('RSDBBOX').style.display = 'block'; document.getElementById('RSCALLBACK').style.display = 'block';\" alt=\"Racks et Rayonnages industriels\" \/><\/p>\n<p>Pour nous contacter ou obtenir un <b>devis gratuit<\/b>, merci de remplir le petit formulaire ci-dessous, nous vous contacterons dans les meilleurs d\u00e9lais<\/p>\n<div role=\"form\" class=\"wpcf7\" id=\"wpcf7-f4-o1\" lang=\"fr-FR\" dir=\"ltr\">\n<div class=\"screen-reader-response\"><p role=\"status\" aria-live=\"polite\" aria-atomic=\"true\"><\/p> <ul><\/ul><\/div>\n<form action=\"\/site\/wp-json\/wp\/v2\/pages\/8#wpcf7-f4-o1\" method=\"post\" class=\"wpcf7-form init\" novalidate=\"novalidate\" data-status=\"init\">\n<div style=\"display: none;\">\n<input type=\"hidden\" name=\"_wpcf7\" value=\"4\" \/>\n<input type=\"hidden\" name=\"_wpcf7_version\" value=\"5.5.5\" \/>\n<input type=\"hidden\" name=\"_wpcf7_locale\" value=\"fr_FR\" \/>\n<input type=\"hidden\" name=\"_wpcf7_unit_tag\" value=\"wpcf7-f4-o1\" \/>\n<input type=\"hidden\" name=\"_wpcf7_container_post\" value=\"0\" \/>\n<input type=\"hidden\" name=\"_wpcf7_posted_data_hash\" value=\"\" \/>\n<\/div>\n<p><span class=\"wpcf7-form-control-wrap your-company\"><input type=\"text\" name=\"your-company\" value=\"\" size=\"40\" class=\"wpcf7-form-control wpcf7-text\" aria-invalid=\"false\" placeholder=\"Votre Soci\u00e9t\u00e9\" \/><\/span><\/p>\n<p><span class=\"wpcf7-form-control-wrap your-name\"><input type=\"text\" name=\"your-name\" value=\"\" size=\"40\" class=\"wpcf7-form-control wpcf7-text wpcf7-validates-as-required\" aria-required=\"true\" aria-invalid=\"false\" placeholder=\"Votre nom (obligatoire)\" \/><\/span><\/p>\n<p><span class=\"wpcf7-form-control-wrap your-email\"><input type=\"email\" name=\"your-email\" value=\"\" size=\"40\" class=\"wpcf7-form-control wpcf7-text wpcf7-email wpcf7-validates-as-email\" aria-invalid=\"false\" placeholder=\"Votre email\" \/><\/span><\/p>\n<p><span class=\"wpcf7-form-control-wrap your-tel\"><input type=\"tel\" name=\"your-tel\" value=\"\" size=\"40\" class=\"wpcf7-form-control wpcf7-text wpcf7-tel wpcf7-validates-as-required wpcf7-validates-as-tel\" aria-required=\"true\" aria-invalid=\"false\" placeholder=\"T\u00e9l. : XX XX XX XX XX (obligatoire)\" \/><\/span><\/p>\n<p><span class=\"wpcf7-form-control-wrap your-cp\"><input type=\"text\" name=\"your-cp\" value=\"\" size=\"40\" class=\"wpcf7-form-control wpcf7-text\" aria-invalid=\"false\" placeholder=\"Code Postal : XX XXX\" \/><\/span><\/p>\n<p><span class=\"wpcf7-form-control-wrap your-subject\"><select name=\"your-subject\" class=\"wpcf7-form-control wpcf7-select\" aria-invalid=\"false\"><option value=\"Contact\">Contact<\/option><option value=\"Devis Rack\/Rayonnage\">Devis Rack\/Rayonnage<\/option><option value=\"Devis Mezzanine\">Devis Mezzanine<\/option><option value=\"Devis autres prestations\">Devis autres prestations<\/option><\/select><\/span><\/p>\n<p><span class=\"wpcf7-form-control-wrap your-objet\"><select name=\"your-objet\" class=\"wpcf7-form-control wpcf7-select\" aria-invalid=\"false\"><option value=\"R\u00e9gion : Sud \/ PACA\">R\u00e9gion : Sud \/ PACA<\/option><option value=\"R\u00e9gion : IDF\">R\u00e9gion : IDF<\/option><option value=\"R\u00e9gion : Nord\">R\u00e9gion : Nord<\/option><option value=\"R\u00e9gion : Est\">R\u00e9gion : Est<\/option><option value=\"R\u00e9gion : Bretagne\">R\u00e9gion : Bretagne<\/option><option value=\"Autres r\u00e9gions\">Autres r\u00e9gions<\/option><\/select><\/span><\/p>\n<p><span class=\"wpcf7-form-control-wrap your-message\"><textarea name=\"your-message\" cols=\"40\" rows=\"10\" class=\"wpcf7-form-control wpcf7-textarea\" aria-invalid=\"false\" placeholder=\"Votre Message \/ Votre Besoin\"><\/textarea><\/span><\/p>\n<p><input type=\"submit\" value=\"Envoyer\" class=\"wpcf7-form-control has-spinner wpcf7-submit\" \/><\/p>\n<p style=\"display: none !important;\"><label>&#916;<textarea name=\"_wpcf7_ak_hp_textarea\" cols=\"45\" rows=\"8\" maxlength=\"100\"><\/textarea><\/label><input type=\"hidden\" id=\"ak_js_1\" name=\"_wpcf7_ak_js\" value=\"47\"\/><script>document.getElementById( \"ak_js_1\" ).setAttribute( \"value\", ( new Date() ).getTime() );<\/script><\/p><div class=\"wpcf7-response-output\" aria-hidden=\"true\"><\/div><\/form><\/div><\/div>\n<div style=\"clear: both\"><\/div>\n","protected":false},"excerpt":{"rendered":"<p>Bienvenue chez ASR Rayonnages SUD, sp\u00e9cialiste des Racks et Rayonnages industriels qu&rsquo;ils soient neufs ou d&rsquo;occasion, de racks de stockage Cantilever, de rayonnages semi lourds, de mezzanines industrielles, ainsi que de tous \u00e9quipements de rayonnage et stockage d&rsquo;entrep\u00f4ts et magasins. ASR Rayonnages, c&rsquo;est 4 filiales \u00e0 votre service r\u00e9parties \u00e0 l&rsquo;\u00e9chelle Nationale, avec un site [&hellip;]<\/p>\n","protected":false},"author":1,"featured_media":0,"parent":0,"menu_order":0,"comment_status":"closed","ping_status":"closed","template":"","meta":[],"_links":{"self":[{"href":"https:\/\/asr-rayonnages-sud.fr\/site\/wp-json\/wp\/v2\/pages\/8"}],"collection":[{"href":"https:\/\/asr-rayonnages-sud.fr\/site\/wp-json\/wp\/v2\/pages"}],"about":[{"href":"https:\/\/asr-rayonnages-sud.fr\/site\/wp-json\/wp\/v2\/types\/page"}],"author":[{"embeddable":true,"href":"https:\/\/asr-rayonnages-sud.fr\/site\/wp-json\/wp\/v2\/users\/1"}],"replies":[{"embeddable":true,"href":"https:\/\/asr-rayonnages-sud.fr\/site\/wp-json\/wp\/v2\/comments?post=8"}],"version-history":[{"count":110,"href":"https:\/\/asr-rayonnages-sud.fr\/site\/wp-json\/wp\/v2\/pages\/8\/revisions"}],"predecessor-version":[{"id":607,"href":"https:\/\/asr-rayonnages-sud.fr\/site\/wp-json\/wp\/v2\/pages\/8\/revisions\/607"}],"wp:attachment":[{"href":"https:\/\/asr-rayonnages-sud.fr\/site\/wp-json\/wp\/v2\/media?parent=8"}],"curies":[{"name":"wp","href":"https:\/\/api.w.org\/{rel}","templated":true}]}}